{"id":1908,"date":"2020-12-23T16:15:58","date_gmt":"2020-12-23T16:15:58","guid":{"rendered":"http:\/\/www.biovit.it\/?page_id=1908"},"modified":"2021-02-05T08:10:29","modified_gmt":"2021-02-05T08:10:29","slug":"privacy","status":"publish","type":"page","link":"https:\/\/www.biovit.it\/en\/privacy\/","title":{"rendered":"Privacy policy"},"content":{"rendered":"<div class=\"flex_column av_one_full  flex_column_div first  avia-builder-el-0  avia-builder-el-no-sibling  \" style='padding:50px 300px 50px 0px ; border-radius:0px; '><section class=\"av_textblock_section \"  itemscope=\"itemscope\" itemtype=\"https:\/\/schema.org\/CreativeWork\" ><div class='avia_textblock  av_inherit_color '  style='color:#0a0a0a; '  itemprop=\"text\" ><h1>PRIVACY POLICY<\/h1>\n<p>Ai sensi della normativa vigente e di quanto previsto dall&#8217;art. 13 del Regolamento UE 2016\/679 del<br \/>\nParlamento europeo e del Consiglio del 27 aprile 2016, relativo alla protezione delle persone<br \/>\nfisiche con riguardo al trattamento dei dati personali, nonch\u00e9 alla libera circolazione di tali dati (di<br \/>\nseguito &#8220;Regolamento&#8221;), La informiamo che il Titolare del trattamento dei dati da Lei forniti \u00e8<br \/>\nBIOVIT s.r.l. (di seguito \u201cBIOVIT&#8221;) con sede in TORINO , Corso Re Umberto n.13, codice fiscale e<br \/>\npartita IVA 01377650054<\/p>\n<h4>Dati di navigazione<\/h4>\n<p>I sistemi informatici ed i programmi informatici utilizzati per il funzionamento del sito raccolgono<br \/>\nalcuni dati personali la cui trasmissione \u00e8 implicita nell&#8217;uso dei protocolli di comunicazione di<br \/>\nInternet (es. indirizzi IP o nomi a dominio dei computer utilizzati dagli utenti che si connettono al<br \/>\nsito, parametri relativi al sistema operativo e all&#8217;ambiente informatico dell&#8217;utente, etc.).<br \/>\nBench\u00e9 si tratti di informazioni che non sono raccolte per essere associate a interessati identificati,<br \/>\nper loro natura potrebbero, attraverso elaborazioni ed associazioni con dati detenuti da terzi,<br \/>\nconsentire di identificare gli utenti.<br \/>\nTali dati potranno essere utilizzati al solo fine di ricavare informazioni statistiche non associate ad<br \/>\nalcun dato identificativo dell&#8217;utente sull&#8217;uso del sito e per controllarne il corretto funzionamento, e<br \/>\nverranno cancellati immediatamente dopo l&#8217;elaborazione.<br \/>\nI dati potrebbero essere utilizzati per l&#8217;accertamento di responsabilit\u00e0 in caso di ipotetici reati<br \/>\ninformatici ai danni del Sito.<\/p>\n<h4>Dati forniti volontariamente dall\u2019utente<\/h4>\n<p>Per la consultazione del sito non \u00e8 richiesto alcun conferimento di dati personali da parte<br \/>\ndell\u2019utente.<br \/>\nTuttavia, eventuali contatti con BIOVIT o l&#8217; invio facoltativo, esplicito e spontaneo di messaggi, di<br \/>\nposta elettronica o tradizionale, ai recapiti BIOVIT indicati sul sito comportano la successiva<br \/>\nacquisizione dell&#8217; indirizzo, anche e-mail, del mittente o della relativa numerazione telefonica,<br \/>\nnecessari per rispondere alle richieste, nonch\u00e9 di eventuali altri dati personali inseriti nelle relative<br \/>\ncomunicazioni.<\/p>\n<p>Tali dati saranno utilizzati al solo fine di dar seguito alla richiesta dell&#8217; utente e potranno essere<br \/>\ncomunicati a terzi solo nel caso in cui ci\u00f2 sia necessario a tal fine.<\/p>\n<p>Per il trattamento dei dati per tali finalit\u00e0 non occorre il Suo consenso, dal momento che il<br \/>\ntrattamento \u00e8 necessario all&#8217; esecuzione di un contratto di cui Lei \u00e8 parte o all&#8217; esecuzione di misure<br \/>\nprecontrattuali adottate su Sua richiesta (art. 6, comma 1, lett. b) del Regolamento), nonch\u00e9, ove<br \/>\napplicabile, per adempiere un obbligo legale (art. 6, comma 1, lett. a) del Regolamento).<\/p>\n<p>Il trattamento sar\u00e0 effettuato con strumenti manuali e\/o informatici e telematici con logiche di<br \/>\norganizzazione ed elaborazione strettamente correlate alle finalit\u00e0 stesse e comunque in modo da<br \/>\ngarantire la sicurezza, l&#8217; integrit\u00e0 e la riservatezza dei dati stessi.<\/p>\n<p>Tali dati sono conservati per il tempo strettamente necessario a fornire all\u2019utente il servizio<br \/>\nrichiesto e sono eliminati subito dopo, salvi ulteriori obblighi di conservazione previsti dalla legge.<\/p>\n<h4>I Suoi dati non saranno diffusi.<\/h4>\n<p>Nell&#8217; ambito della sua attivit\u00e0 e per le finalit\u00e0 sopra indicate, BIOVIT potr\u00e0 avvalersi di servizi resi da<br \/>\nsoggetti terzi che operano per suo conto e secondo le sue istruzioni, quali responsabili del<br \/>\ntrattamento. Trattasi di soggetti che forniscono a BIOVIT servizi elaborativi o strumentali (come,<br \/>\nad esempio, servizi informatici per il funzionamento del sito).<br \/>\nMaggiori informazioni al riguardo potranno essere richieste ai contatti sotto indicati.<\/p>\n<p>I dati potranno essere trasferiti all\u2019interno della Unione Europea, ad esempio ove i fornitori di<br \/>\nBIOVIT abbiano la loro sede o i propri server. I dati non saranno trasferiti fuori dalla Unione<br \/>\nEuropea.<\/p>\n<p>Avr\u00e0 facolt\u00e0, in qualsiasi momento, di esercitare i diritti previsti dalla normativa vigente, ivi incluso<br \/>\nil diritto di:<\/p>\n<ul>\n<li>ricevere conferma dell\u2019esistenza dei suoi dati personali ed accedere al loro contenuto;<\/li>\n<li>aggiornare, modificare e\/o correggere i suoi dati personali;<\/li>\n<li>chiederne la cancellazione, la trasformazione in forma anonima, il blocco dei dati trattati in<br \/>\nviolazione di legge o la limitazione del trattamento;<\/li>\n<li>opporsi, per motivi legittimi, al trattamento;<\/li>\n<li>ricevere copia dei dati da lei forniti e chiedere che tali dati siano trasmessi ad un altro<br \/>\ntitolare del trattamento, inviando specifica richiesta all\u2019indirizzo email: info@biovit.it<\/li>\n<\/ul>\n<\/div><\/section><br \/>\n<div  class='avia-image-container  av-styling-    avia-builder-el-2  el_after_av_textblock  avia-builder-el-last  avia-align-center '  itemprop=\"image\" itemscope=\"itemscope\" itemtype=\"https:\/\/schema.org\/ImageObject\"  ><div class='avia-image-container-inner'><div class='avia-image-overlay-wrap'><img class='avia_image' src='https:\/\/www.biovit.it\/wp-content\/uploads\/2020\/03\/Biovit-300x97.png' alt='' title='Biovit' height=\"97\" width=\"300\"  itemprop=\"thumbnailUrl\"  \/><\/div><\/div><\/div><\/p><\/div>\n","protected":false},"excerpt":{"rendered":"","protected":false},"author":2,"featured_media":0,"parent":0,"menu_order":0,"comment_status":"closed","ping_status":"closed","template":"","meta":[],"_links":{"self":[{"href":"https:\/\/www.biovit.it\/en\/wp-json\/wp\/v2\/pages\/1908"}],"collection":[{"href":"https:\/\/www.biovit.it\/en\/wp-json\/wp\/v2\/pages"}],"about":[{"href":"https:\/\/www.biovit.it\/en\/wp-json\/wp\/v2\/types\/page"}],"author":[{"embeddable":true,"href":"https:\/\/www.biovit.it\/en\/wp-json\/wp\/v2\/users\/2"}],"replies":[{"embeddable":true,"href":"https:\/\/www.biovit.it\/en\/wp-json\/wp\/v2\/comments?post=1908"}],"version-history":[{"count":7,"href":"https:\/\/www.biovit.it\/en\/wp-json\/wp\/v2\/pages\/1908\/revisions"}],"predecessor-version":[{"id":2335,"href":"https:\/\/www.biovit.it\/en\/wp-json\/wp\/v2\/pages\/1908\/revisions\/2335"}],"wp:attachment":[{"href":"https:\/\/www.biovit.it\/en\/wp-json\/wp\/v2\/media?parent=1908"}],"curies":[{"name":"wp","href":"https:\/\/api.w.org\/{rel}","templated":true}]}}