{"id":2300,"date":"2021-02-04T14:44:45","date_gmt":"2021-02-04T14:44:45","guid":{"rendered":"https:\/\/www.biovit.it\/?page_id=2300"},"modified":"2021-02-04T14:59:49","modified_gmt":"2021-02-04T14:59:49","slug":"cookie","status":"publish","type":"page","link":"https:\/\/www.biovit.it\/it\/cookie\/","title":{"rendered":"Cookie Policy"},"content":{"rendered":"<div class=\"flex_column av_one_full  flex_column_div first  avia-builder-el-0  avia-builder-el-no-sibling  \" style='padding:50px 300px 50px 0px ; border-radius:0px; '><p><section class=\"av_textblock_section \"  itemscope=\"itemscope\" itemtype=\"https:\/\/schema.org\/CreativeWork\" ><div class='avia_textblock  av_inherit_color '  style='color:#0a0a0a; '  itemprop=\"text\" ><p><b><\/b><\/p>\n<h1>Cookie Policy<\/h1>\n<p><b><br \/>\n<\/b><b><br \/>\n<\/b><span style=\"font-weight: 400;\">Un cookie \u00e8 un piccolo file di testo all\u2019interno del quale vengono raccolte brevi informazioni relative all\u2019attivit\u00e0 di un utente su un sito internet e memorizzate sul dispositivo che ha avuto accesso al sito.<\/span><span style=\"font-weight: 400;\"><br \/>\n<\/span><span style=\"font-weight: 400;\"><br \/>\n<\/span><span style=\"font-weight: 400;\">I cookie non danneggiano il dispositivo e ci consentono di garantirti una navigazione migliore e pi\u00f9 veloce sul nostro sito. Eventuali informazioni ulteriori, come quelle che ci consentono di mandarti messaggi pubblicitari, possono essere memorizzate solo successivamente al tuo consenso, espresso mediante semplice navigazione sul sito o tramite i meccanismi di seguito descritti.<\/span><span style=\"font-weight: 400;\"><br \/>\n<\/span><span style=\"font-weight: 400;\"><br \/>\n<\/span><span style=\"font-weight: 400;\">Ti invitiamo a leggere le informazioni che seguono per capire meglio che cookie utilizziamo e come puoi gestire le tue preferenze in merito al loro utilizzo.\u00a0<\/span><span style=\"font-weight: 400;\"><br \/>\n<\/span><span style=\"font-weight: 400;\"><br \/>\n<\/span><span style=\"font-weight: 400;\"><br \/>\n<\/span><b>Tipi di cookies utilizzati dal nostro sito<\/b><b><br \/>\n<\/b><span style=\"font-weight: 400;\"><br \/>\n<\/span><span style=\"font-weight: 400;\">I cookie utilizzati dal sito <\/span><span style=\"font-weight: 400;\">https:\/\/www.biovit.it\/it\/<\/span><span style=\"font-weight: 400;\"> appartengono alla categoria dei \u201ccookie tecnici\u201d, cio\u00e8 quei cookie utilizzati al solo fine di \u00abeffettuare la trasmissione di una comunicazione su una rete di comunicazione elettronica, o nella misura strettamente necessaria al fornitore di un servizio della societ\u00e0 dell&#8217;informazione esplicitamente richiesto dall&#8217;abbonato o dall&#8217;utente a erogare tale servizio\u00bb (art. 122, comma 1, del Codice Privacy).<\/span><\/p>\n<p><span style=\"font-weight: 400;\">Essi sono normalmente installati direttamente dal titolare o gestore del sito web e sono suddivisi in:<\/span><\/p>\n<ul>\n<li style=\"font-weight: 400;\" aria-level=\"1\"><span style=\"font-weight: 400;\">cookie di navigazione o di sessione necessari per la normale navigazione e fruizione del sito web (come per realizzare un acquisto o per autenticarsi e per accedere ad aree riservate);<\/span><\/li>\n<li style=\"font-weight: 400;\" aria-level=\"1\"><span style=\"font-weight: 400;\">cookie di funzionalit\u00e0, che permettono all\u2019utente la navigazione in funzione di una serie di criteri selezionati (ad esempio, la lingua, i prodotti selezionati per l\u2019acquisto) al fine di migliorare l&#8217;esperienza di navigazione nel sito.\u00a0<\/span><\/li>\n<\/ul>\n<p><span style=\"font-weight: 400;\">Per questo tipo di cookie non \u00e8 richiesto il preventivo consenso degli utenti.<\/span><\/p>\n<h1><\/h1>\n<p><span style=\"font-weight: 400;\">Il sito utilizza, inoltre, Google Analytics, un servizio di analisi web fornito da Google Inc. per individuare quali siano le pagine pi\u00f9 visualizzate dai visitatori del sito, per quanto tempo sono rimasti all\u2019interno dello stesso e la loro area geografica di provenienza.<\/span><\/p>\n<p><span style=\"font-weight: 400;\">Le informazioni rilevate attraverso i cookies di Google Analytics vengono trattate dal Titolare a fini statistici e in forma rigorosamente anonima. In particolare, gli indirizzi IP degli utenti vengono pseudoanonimizzati; inoltre, tenuto conto della politica di gestione dei dati dichiarata da Google al link <\/span><a href=\"https:\/\/www.google.com\/analytics\/learn\/privacy.html?hl=it\"><span style=\"font-weight: 400;\">https:\/\/www.google.com\/analytics\/learn\/privacy.html?hl=it<\/span><\/a><span style=\"font-weight: 400;\">, sono state disattivate le opzioni di condivisione dei dati in modo da limitarne ulteriori utilizzi.<\/span><\/p>\n<p><span style=\"font-weight: 400;\">Utilizzando il presente sito web, l&#8217;utente acconsente al trattamento dei dati da parte di Google per le modalit\u00e0 e i fini sopraindicati. I dati trasmessi a Google sono depositati presso i server di Google negli Stati Uniti. Per ulteriori informazioni sull&#8217;uso dei dati e sul loro trattamento da parte di Google si raccomanda di prendere visione delle informazioni al seguente indirizzo:\u00a0 <\/span><a href=\"https:\/\/www.google.com\/analytics\/learn\/privacy.html?hl=it\"><span style=\"font-weight: 400;\">https:\/\/www.google.com\/analytics\/learn\/privacy.html?hl=it<\/span><\/a><span style=\"font-weight: 400;\">.<\/span><\/p>\n<p><span style=\"font-weight: 400;\">L&#8217;utente pu\u00f2 disabilitare in modo selettivo l&#8217;azione di Google Analytics installando sul proprio browser l&#8217;apposito componente fornito da Google (opt out).<\/span><\/p>\n<h1><\/h1>\n<p><b>Attivazione e disattivazione dei cookie (per tutti i cookie)<\/b><\/p>\n<p><span style=\"font-weight: 400;\">Puoi decidere se consentire o meno all\u2019installazione dei cookie anche utilizzando le impostazioni del tuo browser. Tuttavia, non tutte le funzionalit\u00e0 di questo sito potrebbero restare operative nel caso uno o pi\u00f9 cookie venissero disabilitati (ricorda infatti che i cookie di navigazione sono indispensabili per le funzionalit\u00e0 di base del sito). Le impostazioni relative a tale scelta possono essere verificate e modificate nella finestra delle preferenze del browser.<\/span><\/p>\n<p><span style=\"font-weight: 400;\">Di seguito il percorso da seguire per gestire i cookie dai seguenti browser:<\/span><span style=\"font-weight: 400;\"><br \/>\n<\/span><span style=\"font-weight: 400;\">\u2022\u00a0\u00a0 \u00a0IE:\u00a0<\/span><a href=\"http:\/\/windows.microsoft.com\/it-it\/windows7\/block-enable-or-allow-cookies\"><span style=\"font-weight: 400;\">http:\/\/windows.microsoft.com\/it-it\/windows7\/block-enable-or-allow-cookies<\/span><span style=\"font-weight: 400;\"><br \/>\n<\/span><\/a><span style=\"font-weight: 400;\">\u2022\u00a0\u00a0 \u00a0Safari:\u00a0<\/span><a href=\"http:\/\/support.apple.com\/kb\/PH19255\"><span style=\"font-weight: 400;\">http:\/\/support.apple.com\/kb\/PH19255<\/span><span style=\"font-weight: 400;\"><br \/>\n<\/span><\/a><span style=\"font-weight: 400;\">\u2022\u00a0\u00a0 \u00a0Chrome: <\/span><a href=\"https:\/\/support.google.com\/chrome\/answer\/95647?hl=it-IT&amp;hlrm=fr&amp;hlrm=en\"><span style=\"font-weight: 400;\">https:\/\/support.google.com\/chrome\/answer\/95647?hl=it-IT&amp;hlrm=fr&amp;hlrm=en<\/span><span style=\"font-weight: 400;\"><br \/>\n<\/span><\/a><span style=\"font-weight: 400;\">\u2022\u00a0\u00a0 \u00a0Firefox: <\/span><a href=\"https:\/\/support.mozilla.org\/it\/kb\/Attivare%20e%20disattivare%20i%20cookie\"><span style=\"font-weight: 400;\">https:\/\/support.mozilla.org\/it\/kb\/Attivare%20e%20disattivare%20i%20cookie<\/span><span style=\"font-weight: 400;\"><br \/>\n<\/span><\/a><span style=\"font-weight: 400;\">\u2022\u00a0\u00a0 \u00a0Opera: <\/span><a href=\"http:\/\/help.opera.com\/Windows\/12.10\/it\/cookies.html\"><span style=\"font-weight: 400;\">http:\/\/help.opera.com\/Windows\/12.10\/it\/cookies.html<\/span><\/a><\/p>\n<h1><\/h1>\n<p><span style=\"font-weight: 400;\">Il trattamento dei dati personali degli utenti tramite tali cookie \u00e8 effettuato da BIO VIT s.r.l. (di seguito \u201cBIO VIT&#8221;) con sede legale in Torino (TO), corso Re Umberto 13, codice fiscale e partita IVA 01377650054, in qualit\u00e0 di Titolare del trattamento.<\/span><\/p>\n<p><span style=\"font-weight: 400;\">Per qualsiasi informazione riguardante le modalit\u00e0 e le finalit\u00e0 di trattamento, nonch\u00e9 sull&#8217;esercizio dei tuoi diritti leggi attentamente<\/span><span style=\"font-weight: 400;\">\u00a0<\/span><b>la nostra informativa<\/b><span style=\"font-weight: 400;\">.<\/span><\/p>\n<p><span style=\"font-weight: 400;\">Ti invitiamo a visionare regolarmente questa Cookie Policy per prendere visione di eventuali modifiche.\u00a0<\/span><\/p>\n<\/div><\/section><br \/>\n<div  class='avia-image-container  av-styling-    avia-builder-el-2  el_after_av_textblock  avia-builder-el-last  avia-align-center '  itemprop=\"image\" itemscope=\"itemscope\" itemtype=\"https:\/\/schema.org\/ImageObject\"  ><div class='avia-image-container-inner'><div class='avia-image-overlay-wrap'><img class='avia_image' src='https:\/\/www.biovit.it\/wp-content\/uploads\/2020\/03\/Biovit-300x97.png' alt='' title='Biovit' height=\"97\" width=\"300\"  itemprop=\"thumbnailUrl\"  \/><\/div><\/div><\/div><\/p><\/div>\n","protected":false},"excerpt":{"rendered":"","protected":false},"author":2,"featured_media":0,"parent":0,"menu_order":0,"comment_status":"closed","ping_status":"closed","template":"","meta":[],"_links":{"self":[{"href":"https:\/\/www.biovit.it\/it\/wp-json\/wp\/v2\/pages\/2300"}],"collection":[{"href":"https:\/\/www.biovit.it\/it\/wp-json\/wp\/v2\/pages"}],"about":[{"href":"https:\/\/www.biovit.it\/it\/wp-json\/wp\/v2\/types\/page"}],"author":[{"embeddable":true,"href":"https:\/\/www.biovit.it\/it\/wp-json\/wp\/v2\/users\/2"}],"replies":[{"embeddable":true,"href":"https:\/\/www.biovit.it\/it\/wp-json\/wp\/v2\/comments?post=2300"}],"version-history":[{"count":4,"href":"https:\/\/www.biovit.it\/it\/wp-json\/wp\/v2\/pages\/2300\/revisions"}],"predecessor-version":[{"id":2346,"href":"https:\/\/www.biovit.it\/it\/wp-json\/wp\/v2\/pages\/2300\/revisions\/2346"}],"wp:attachment":[{"href":"https:\/\/www.biovit.it\/it\/wp-json\/wp\/v2\/media?parent=2300"}],"curies":[{"name":"wp","href":"https:\/\/api.w.org\/{rel}","templated":true}]}}