{"id":2303,"date":"2021-02-04T14:45:23","date_gmt":"2021-02-04T14:45:23","guid":{"rendered":"https:\/\/www.biovit.it\/?page_id=2303"},"modified":"2021-02-05T08:20:57","modified_gmt":"2021-02-05T08:20:57","slug":"informativa-trattamento-dei-dati-personali","status":"publish","type":"page","link":"https:\/\/www.biovit.it\/it\/informativa-trattamento-dei-dati-personali\/","title":{"rendered":"Informativa trattamento dei dati personali"},"content":{"rendered":"<div class=\"flex_column av_one_full  flex_column_div first  avia-builder-el-0  avia-builder-el-no-sibling  \" style='padding:50px 300px 50px 0px ; border-radius:0px; '><section class=\"av_textblock_section \"  itemscope=\"itemscope\" itemtype=\"https:\/\/schema.org\/CreativeWork\" ><div class='avia_textblock  av_inherit_color '  style='color:#0a0a0a; '  itemprop=\"text\" ><h4>Informativa ex art. 13 del Regolamento (UE) 679\/2016<br \/>\nsul trattamento dei dati personali dell\u2019interessato<\/h4>\n<p>Ai sensi dell\u2019art. 13 del Regolamento (UE) 2016\/679 del Parlamento europeo e del Consiglio del 27 aprile 2016 sulla protezione dei dati (di seguito \u201cRegolamento\u201d oppure \u201cGDPR\u201d), in relazione al trattamento dei Suoi dati personali, BIO VIT s.r.l. (di seguito per brevit\u00e0 \u201cBIO VIT\u201d ovvero il \u201cTitolare\u201d), la cui identit\u00e0 e i dati di contatto sono sottoindicati,<\/p>\n<p>La informa, nella Sua qualit\u00e0 di interessato,di quanto segue.<\/p>\n<ol>\n<li>\n<h5>Identit\u00e0 e dati di contatto del Titolare del trattamento<\/h5>\n<p>Titolare del trattamento ai sensi degli artt. 4 e 24 del Regolamento \u00e8 BIO VIT s.r.l., con sede legale in Torino (TO), corso Re Umberto 13, codice fiscale e partita IVA 01377650054, in persona del suo legale rappresentante pro tempore, tel. 0141203350, e-mail info@biovit.it.<\/li>\n<li>\n<h5>Finalit\u00e0 del trattamento cui sono destinati i dati e base giuridica del trattamento<\/h5>\n<p>I dati personali da Lei conferiti allo scrivente Titolare saranno trattati in via esclusiva per le finalit\u00e0 inerenti alla realizzazione dell\u2019oggetto del contratto stipulando ovvero gi\u00e0 in essere con il Titolare, nel rispetto delle disposizioni indicate dall\u2019art. 13 del Regolamento. Per \u201cfinalit\u00e0 inerenti alla realizzazione dell\u2019oggetto del contratto\u201d deve intendersi qualsiasi operazione di trattamento dei dati correlata alla gestione, all\u2019amministrazione e all\u2019adempimento del rapporto contrattuale in parola. La base giuridica del trattamento per le suddette finalit\u00e0 \u00e8 l\u2019art. 6, paragrafo 1, lettera b) del GDPR (\u201cil trattamento \u00e8 necessario all&#8217;esecuzione di un contratto di cui l&#8217;interessato \u00e8 parte o all&#8217;esecuzione di misure precontrattuali adottate su richiesta dello stesso\u201d).<br \/>\nNell\u2019ambito delle presenti finalit\u00e0, il trattamento viene, altres\u00ec, effettuato per l\u2019adempimento di specifici obblighi di legge che ineriscono alla gestione del rapporto contrattuale (ad es. di natura contabile e\/o fiscale). La base giuridica del trattamento per le finalit\u00e0 suindicate \u00e8 l\u2019art. 6, paragrafo 1, lettera c) del GDPR (\u201cil trattamento \u00e8 necessario per adempiere un obbligo legale al quale \u00e8 soggetto il titolare del trattamento\u201d).<\/li>\n<li>\n<h5>Categorie particolari di dati personali<\/h5>\n<p>Qualora nell\u2019esecuzione del contratto o per adempiere a specifici obblighi di legge che ineriscono alla gestione del rapporto contrattuale lo scrivente Titolare dovesse avere necessit\u00e0 di acquisire anche dati che rientrano nell\u2019ambito delle categorie particolari di dati personali di cui all&#8217;art. 9 del Regolamento (in particolare, i dati personali che rivelino \u201cl&#8217;origine razziale o etnica, le opinioni politiche, le convinzioni religiose o filosofiche, o l&#8217;appartenenza sindacale, nonch\u00e9 dati genetici, dati biometrici intesi a identificare in modo univoco una persona fisica, dati relativi alla salute o alla vita sessuale o all\u2019orientamento sessuale della persona\u201d) tali categorie di dati potranno essere trattate solo previo Suo libero ed esplicito consenso. La base giuridica del trattamento dei dati da Lei conferiti appartenenti alle suddette categorie particolari di dati personali di cui all\u2019art. 9 del Regolamento sar\u00e0 rappresentata, in tal caso, dal Suo specifico consenso ai sensi dell&#8217;art. 9, paragrafo 2, lettera a), del Regolamento (\u201cl&#8217;interessato ha prestato il proprio consenso esplicito al trattamento di tali dati personali per una o pi\u00f9 finalit\u00e0 specifiche\u201d).<\/li>\n<li>\n<h5>Modalit\u00e0 del trattamento dei dati<\/h5>\n<p>In relazione alle suindicate finalit\u00e0, il trattamento dei Suoi dati personali avverr\u00e0 mediante strumenti manuali, informatici e telematici per la mera realizzazione delle finalit\u00e0 stesse e, comunque, in modo da garantirne la sicurezza e la riservatezza, nel rispetto di quanto previsto dall\u2019art. 32 del Regolamento in materia di misure di sicurezza e ad opera di soggetti appositamente autorizzati, in ottemperanza a quanto previsto dall\u2019art. 29 del Regolamento.<\/li>\n<li>\n<h5>Eventuali destinatari ed eventuali categorie di destinatari dei dati personali<\/h5>\n<p>Il trattamento dei dati personali da Lei conferiti verr\u00e0 effettuato a mezzo di soggetti espressamente e specificamente designati dal Titolare che operano nell\u2019interesse dello stesso in qualit\u00e0 di responsabili (art. 28 del Regolamento) o in qualit\u00e0 di autorizzati (art. 29 del Regolamento) ovvero quali soggetti espressamente designati al trattamento dei dati nei termini previsti dal Regolamento e dalla normativa nazionale di adeguamento alle disposizioni del GDPR. I dati forniti potranno altres\u00ec essere trattati dal Titolare direttamente e anche comunicati a soggetti terzi qualora detto trattamento risulti funzionale agli obblighi di legge e di esecuzione del contratto. A tale scopo di comunicazione i dati potranno essere portati a conoscenza di societ\u00e0 o di professionisti esterni della cui collaborazione il Titolare potr\u00e0 giovarsi per le finalit\u00e0 indicate nella presente informativa.<br \/>\nI dati potranno essere comunicati, al fine di consentire l\u2019adempimento degli obblighi contrattuali e di legge, agli uffici postali, a spedizionieri e a corrieri per l\u2019invio di documentazione, nonch\u00e9 agli istituti bancari per la gestione contabile derivante dall\u2019esecuzione del contratto, nonch\u00e9 a Pubbliche Amministrazioni ai sensi di legge, nonch\u00e9 a terzi per la fornitura di servizi informatici o di servizi di archiviazione.<br \/>\nI dati personali dell\u2019interessato non sono soggetti a diffusione e il Titolare non ne dar\u00e0 conoscenza o metter\u00e0 a disposizione in alcun modo a soggetti indeterminati.<\/li>\n<li>\n<h5>Trasferimento dei dati personali a un paese terzo o a un\u2019organizzazione internazionale<\/h5>\n<p>Di regola, nessun dato personale dell&#8217;interessato verr\u00e0 trasferito a un Paese terzo al di fuori dell\u2019Unione Europea o ad Organizzazioni Internazionali. Qualora ci\u00f2 si rendesse necessario per la realizzazione dell\u2019oggetto del contratto stipulando ovvero gi\u00e0 in essere con il Titolare, quest\u2019ultimo si impegna a far s\u00ec che l\u2019eventuale trasferimento avvenga nel rispetto delle previsioni di cui agli artt. 45 (sulla base di una decisione di adeguatezza della Commissione) e 46 (sulla base della sussistenza di garanzie adeguate), se applicabili, ovvero in ogni caso ai sensi dell\u2019art. 49 del Regolamento.<\/li>\n<li>\n<h5>Periodo di conservazione dei dati personali<\/h5>\n<p>I dati personali oggetto di trattamento saranno conservati in ottemperanza a quanto disposto dall\u2019art. 5, paragrafo 1, lett. e), del Regolamento in una forma che consenta l\u2019identificazione degli interessati per un arco di tempo non superiore al conseguimento delle finalit\u00e0 sopraindicate per le quali i dati personali sono raccolti e trattati. I dati personali sono conservati secondo i seguenti criteri: (a) per il tempo strettamente necessario al conseguimento delle \u201cfinalit\u00e0 inerenti alla realizzazione dell\u2019oggetto del contratto\u201d per le quali sono trattati e comunque per un periodo non superiore a 10 (dieci) anni; (b) per il tempo strettamente necessario all&#8217;adempimento di obblighi di legge, regolamentari ovvero disposizioni impartite da Organi di Vigilanza e controllo. Al termine del periodo di conservazione, i Suoi dati saranno cancellati, ovvero archiviati in maniera anonima.<\/li>\n<li>\n<h5>Diritti dell\u2019interessato<\/h5>\n<p>Ai sensi degli artt. 15 e ss. del Regolamento, Lei, in qualit\u00e0 di interessato, ha il diritto di chiedere al Titolare del trattamento:<br \/>\nl\u2019accesso ai suoi dati personali;<br \/>\nla rettifica o la cancellazione degli stessi o la limitazione del trattamento che La riguardano;<br \/>\nl\u2019opposizione al trattamento;<br \/>\nla portabilit\u00e0 dei dati;<br \/>\nqualora il trattamento sia basato sull&#8217;articolo 6, paragrafo 1, lettera a), oppure sull&#8217;articolo 9, paragrafo 2, lettera a), del Regolamento la revoca del consenso in qualsiasi momento senza pregiudicare la liceit\u00e0 del trattamento basata sul consenso prestato prima della revoca.<br \/>\nFatto salvo ogni altro ricorso amministrativo o giurisdizionale, l&#8217;interessato che ritenga che il trattamento che lo riguarda violi il GDPR ha il diritto di proporre reclamo a un\u2019autorit\u00e0 di controllo, segnatamente nello Stato membro in cui risiede abitualmente, lavora oppure del luogo ove si \u00e8 verificata la presunta violazione ai sensi dell\u2019art. 77 del Regolamento (l\u2019autorit\u00e0 di controllo italiana \u00e8 il Garante per la protezione dei dati personali).<br \/>\nPer esercitare i diritti di cui sopra l\u2019interessato potr\u00e0 rivolgersi al Titolare ai recapiti indicati al punto 1 della presente informativa.<\/li>\n<li>\n<h5>Se la comunicazione di dati personali \u00e8 un obbligo legale o contrattuale oppure un requisito necessario per la conclusione di un contratto; possibili conseguenze della mancata comunicazione di tali dati<\/h5>\n<p>La comunicazione dei Suoi dati personali e il conseguente trattamento da parte del Titolare sono necessari per l\u2019instaurazione, per la prosecuzione e per la corretta gestione del rapporto in parola; detta comunicazione, pertanto, deve intendersi come obbligatoria.<br \/>\nL\u2019eventuale rifiuto, da parte Sua, di fornire i dati personali richiesti potr\u00e0 causare, da parte del Titolare, l\u2019impossibilit\u00e0 di perfezionare e gestire il rapporto contrattuale con Lei stipulando o in essere.<\/li>\n<li>\n<h5>Esistenza di un processo decisionale automatizzato, compresa la profilazione<\/h5>\n<p>Ai sensi dell&#8217;art. 13, paragrafo 2, lettera f) del GDPR, La informiamo che i dati personali raccolti non saranno oggetto di alcun processo decisionale automatizzato, compresa la profilazione di cui all\u2019art. 22, paragrafi 1 e 4 del Regolamento.<\/li>\n<li>\n<h5>Trattamento dei dati personali per una finalit\u00e0 diversa da quella per cui essi sono stati raccolti<\/h5>\n<p>Qualora il Titolare del trattamento intenda trattare ulteriormente i Suoi dati personali per una finalit\u00e0 diversa da quella per cui essi sono stati raccolti, prima di tale ulteriore trattamento fornir\u00e0 all\u2019interessato informazioni in merito a tale diversa finalit\u00e0 e ogni ulteriore informazione pertinente di cui all\u2019art. 13, paragrafo 2 del Regolamento.<\/li>\n<\/ol>\n<p style=\"text-align: right;\">Il Titolare del trattamento<br \/>\nBIO VIT s.r.l.<\/p>\n<\/div><\/section><br \/>\n<div  class='avia-image-container  av-styling-    avia-builder-el-2  el_after_av_textblock  avia-builder-el-last  avia-align-center '  itemprop=\"image\" itemscope=\"itemscope\" itemtype=\"https:\/\/schema.org\/ImageObject\"  ><div class='avia-image-container-inner'><div class='avia-image-overlay-wrap'><img class='avia_image' src='https:\/\/www.biovit.it\/wp-content\/uploads\/2020\/03\/Biovit-300x97.png' alt='' title='Biovit' height=\"97\" width=\"300\"  itemprop=\"thumbnailUrl\"  \/><\/div><\/div><\/div><\/p><\/div>\n","protected":false},"excerpt":{"rendered":"","protected":false},"author":2,"featured_media":0,"parent":0,"menu_order":0,"comment_status":"closed","ping_status":"closed","template":"","meta":[],"_links":{"self":[{"href":"https:\/\/www.biovit.it\/it\/wp-json\/wp\/v2\/pages\/2303"}],"collection":[{"href":"https:\/\/www.biovit.it\/it\/wp-json\/wp\/v2\/pages"}],"about":[{"href":"https:\/\/www.biovit.it\/it\/wp-json\/wp\/v2\/types\/page"}],"author":[{"embeddable":true,"href":"https:\/\/www.biovit.it\/it\/wp-json\/wp\/v2\/users\/2"}],"replies":[{"embeddable":true,"href":"https:\/\/www.biovit.it\/it\/wp-json\/wp\/v2\/comments?post=2303"}],"version-history":[{"count":9,"href":"https:\/\/www.biovit.it\/it\/wp-json\/wp\/v2\/pages\/2303\/revisions"}],"predecessor-version":[{"id":2565,"href":"https:\/\/www.biovit.it\/it\/wp-json\/wp\/v2\/pages\/2303\/revisions\/2565"}],"wp:attachment":[{"href":"https:\/\/www.biovit.it\/it\/wp-json\/wp\/v2\/media?parent=2303"}],"curies":[{"name":"wp","href":"https:\/\/api.w.org\/{rel}","templated":true}]}}